{"id":16280,"date":"2025-05-10T22:48:19","date_gmt":"2025-05-10T22:48:19","guid":{"rendered":"https:\/\/danfosal.com\/?post_type=product&#038;p=16280"},"modified":"2025-05-28T21:14:56","modified_gmt":"2025-05-28T21:14:56","slug":"karcher-wv2","status":"publish","type":"product","link":"https:\/\/danfosal.com\/en\/product\/karcher-wv2\/","title":{"rendered":"Karcher WV2"},"content":{"rendered":"<p>Fshesa e dritareve K\u00e4rcher WV 2 thith pa mundim lag\u00ebshtin\u00eb dhe \u00ebsht\u00eb nj\u00eb m\u00ebnyr\u00eb e shpejt\u00eb dhe e leht\u00eb p\u00ebr t\u00eb arritur sip\u00ebrfaqe t\u00eb pastra, t\u00eb thata dhe pa njolla n\u00eb sht\u00ebpi. Kjo fshes\u00eb dore e leht\u00eb dhe e rikarikueshme e b\u00ebn t\u00eb leht\u00eb heqjen e kondensimit, duke zvog\u00ebluar grumbullimin e g\u00eblqeres dhe mykut. Me efikasitetin e nj\u00eb fshese dritaresh K\u00e4rcher, \u00ebsht\u00eb e mundur t\u00eb pastroni dritaret dhe sip\u00ebrfaqet deri n\u00eb 3 her\u00eb m\u00eb shpejt se metodat tradicionale. Bateria e fuqishme litium-jon do t\u00eb thot\u00eb q\u00eb makina mund t\u00eb pastroj\u00eb deri n\u00eb 35 minuta ose 105m\u00b2 vet\u00ebm me nj\u00eb karikim. Koka e pastrimit 280 mm i l\u00eb rrjetat e dushit, pllakat dhe pasqyrat t\u00eb pastra shk\u00eblqyesh\u00ebm, duke thithur edhe derdhjet e l\u00ebngjeve nga dyshemet\u00eb dhe sip\u00ebrfaqet e pun\u00ebs me K\u00e4rcher WV 2 tuaj.<\/p>","protected":false},"excerpt":{"rendered":"<p>Fshesa e dritareve K\u00e4rcher WV 2 thith pa mundim lag\u00ebshtin\u00eb dhe \u00ebsht\u00eb nj\u00eb m\u00ebnyr\u00eb e shpejt\u00eb dhe e leht\u00eb p\u00ebr<\/p>","protected":false},"featured_media":16651,"template":"","meta":{"_crdt_document":""},"product_brand":[99],"product_cat":[93],"product_tag":[],"class_list":{"0":"post-16280","1":"product","2":"type-product","3":"status-publish","4":"has-post-thumbnail","6":"product_brand-karcher","7":"product_cat-pastruese-xhamash-shtepiake","9":"first","10":"instock","11":"sale","12":"shipping-taxable","13":"purchasable","14":"product-type-simple"},"jetpack_sharing_enabled":true,"_links":{"self":[{"href":"https:\/\/danfosal.com\/en\/wp-json\/wp\/v2\/product\/16280","targetHints":{"allow":["GET"]}}],"collection":[{"href":"https:\/\/danfosal.com\/en\/wp-json\/wp\/v2\/product"}],"about":[{"href":"https:\/\/danfosal.com\/en\/wp-json\/wp\/v2\/types\/product"}],"version-history":[{"count":1,"href":"https:\/\/danfosal.com\/en\/wp-json\/wp\/v2\/product\/16280\/revisions"}],"predecessor-version":[{"id":16281,"href":"https:\/\/danfosal.com\/en\/wp-json\/wp\/v2\/product\/16280\/revisions\/16281"}],"wp:featuredmedia":[{"embeddable":true,"href":"https:\/\/danfosal.com\/en\/wp-json\/wp\/v2\/media\/16651"}],"wp:attachment":[{"href":"https:\/\/danfosal.com\/en\/wp-json\/wp\/v2\/media?parent=16280"}],"wp:term":[{"taxonomy":"product_brand","embeddable":true,"href":"https:\/\/danfosal.com\/en\/wp-json\/wp\/v2\/product_brand?post=16280"},{"taxonomy":"product_cat","embeddable":true,"href":"https:\/\/danfosal.com\/en\/wp-json\/wp\/v2\/product_cat?post=16280"},{"taxonomy":"product_tag","embeddable":true,"href":"https:\/\/danfosal.com\/en\/wp-json\/wp\/v2\/product_tag?post=16280"}],"curies":[{"name":"wp","href":"https:\/\/api.w.org\/{rel}","templated":true}]}}