{"id":16282,"date":"2025-05-10T22:48:19","date_gmt":"2025-05-10T22:48:19","guid":{"rendered":"https:\/\/danfosal.com\/?post_type=product&#038;p=16282"},"modified":"2025-05-28T21:15:18","modified_gmt":"2025-05-28T21:15:18","slug":"karcher-wv6","status":"publish","type":"product","link":"https:\/\/danfosal.com\/en\/product\/karcher-wv6\/","title":{"rendered":"Karcher WV6"},"content":{"rendered":"<p>Nga shpik\u00ebsit origjinal\u00eb, fshesa me korrent p\u00ebr dritare K\u00e4rcher WV 6 Plus \u00ebsht\u00eb fshesa me korrent p\u00ebr dritare m\u00eb inovative e K\u00e4rcher, m\u00ebnyra m\u00eb e leht\u00eb dhe e shpejt\u00eb p\u00ebr t\u00eb arritur sip\u00ebrfaqe pa njolla n\u00eb sht\u00ebpi, perfekte edhe p\u00ebr t\u00eb luftuar kondensimin. Kjo fshes\u00eb me korrent dore e leht\u00eb dhe e rikarikueshme \u00ebsht\u00eb gjithashtu jasht\u00ebzakonisht efikase, duke qen\u00eb e mundur t\u00eb pastrohen sip\u00ebrfaqe deri n\u00eb 3 her\u00eb m\u00eb shpejt se metodat tradicionale, nd\u00ebrsa bateria e fuqishme litium-jon do t\u00eb thot\u00eb q\u00eb makina mund t\u00eb pastroj\u00eb p\u00ebr 100 minuta ose 300m\u00b2 vet\u00ebm me nj\u00eb karikim. P\u00ebrve\u00e7 planifikimit t\u00eb leht\u00eb t\u00eb detyrave tuaja t\u00eb pastrimit p\u00ebrmes ekranit t\u00eb sakt\u00eb tregues t\u00eb bateris\u00eb LED minut\u00eb pas minute, ky model ka nj\u00eb kapacitet uji t\u00eb ndotur prej 150 ml, 50% m\u00eb t\u00eb madh se modelet e tjera. Teknologjia e patentuar e buz\u00ebve t\u00eb l\u00ebngshme prej silikoni ekskluzive p\u00ebr K\u00e4rcher siguron q\u00eb asnj\u00eb aspekt i sip\u00ebrfaqes t\u00eb mos mungoj\u00eb, nga buza e sip\u00ebrme deri n\u00eb tok\u00eb pa nd\u00ebrprerje, rezultate perfekte pastrimi pa njolla arrihen deri n\u00eb buz\u00eb. WV 6 Plus p\u00ebrfshin nj\u00eb shishe sp\u00ebrkat\u00ebse me leck\u00eb mikrofibre dhe nj\u00eb qese me koncentrat pastrimi xhami 20 ml, q\u00eb do t\u00eb thot\u00eb se rrjetat e dushit, pllakat dhe pasqyrat mund t\u00eb lihen gjithashtu t\u00eb pastra shk\u00eblqyesh\u00ebm.<\/p>","protected":false},"excerpt":{"rendered":"<p>Nga shpik\u00ebsit origjinal\u00eb, fshesa me korrent p\u00ebr dritare K\u00e4rcher WV 6 Plus \u00ebsht\u00eb fshesa me korrent p\u00ebr dritare m\u00eb inovative<\/p>","protected":false},"featured_media":16659,"template":"","meta":{"_crdt_document":""},"product_brand":[99],"product_cat":[93],"product_tag":[],"class_list":{"0":"post-16282","1":"product","2":"type-product","3":"status-publish","4":"has-post-thumbnail","6":"product_brand-karcher","7":"product_cat-pastruese-xhamash-shtepiake","9":"first","10":"instock","11":"sale","12":"shipping-taxable","13":"purchasable","14":"product-type-simple"},"jetpack_sharing_enabled":true,"_links":{"self":[{"href":"https:\/\/danfosal.com\/en\/wp-json\/wp\/v2\/product\/16282","targetHints":{"allow":["GET"]}}],"collection":[{"href":"https:\/\/danfosal.com\/en\/wp-json\/wp\/v2\/product"}],"about":[{"href":"https:\/\/danfosal.com\/en\/wp-json\/wp\/v2\/types\/product"}],"version-history":[{"count":1,"href":"https:\/\/danfosal.com\/en\/wp-json\/wp\/v2\/product\/16282\/revisions"}],"predecessor-version":[{"id":16283,"href":"https:\/\/danfosal.com\/en\/wp-json\/wp\/v2\/product\/16282\/revisions\/16283"}],"wp:featuredmedia":[{"embeddable":true,"href":"https:\/\/danfosal.com\/en\/wp-json\/wp\/v2\/media\/16659"}],"wp:attachment":[{"href":"https:\/\/danfosal.com\/en\/wp-json\/wp\/v2\/media?parent=16282"}],"wp:term":[{"taxonomy":"product_brand","embeddable":true,"href":"https:\/\/danfosal.com\/en\/wp-json\/wp\/v2\/product_brand?post=16282"},{"taxonomy":"product_cat","embeddable":true,"href":"https:\/\/danfosal.com\/en\/wp-json\/wp\/v2\/product_cat?post=16282"},{"taxonomy":"product_tag","embeddable":true,"href":"https:\/\/danfosal.com\/en\/wp-json\/wp\/v2\/product_tag?post=16282"}],"curies":[{"name":"wp","href":"https:\/\/api.w.org\/{rel}","templated":true}]}}