{"id":16284,"date":"2025-05-10T22:48:19","date_gmt":"2025-05-10T22:48:19","guid":{"rendered":"https:\/\/danfosal.com\/?post_type=product&#038;p=16284"},"modified":"2025-05-14T18:02:21","modified_gmt":"2025-05-14T18:02:21","slug":"karcher-wvp-10","status":"publish","type":"product","link":"https:\/\/danfosal.com\/en\/product\/karcher-wvp-10\/","title":{"rendered":"Karcher WVP 10"},"content":{"rendered":"<p>Me bateri, e leht\u00eb dhe e fuqishme: Fshesa jon\u00eb profesionale me korrent p\u00ebr dritare dhe sip\u00ebrfaqe, WVP 10, q\u00eb mbahet n\u00eb dor\u00eb, impresionon me komponent\u00eb t\u00eb cil\u00ebsis\u00eb s\u00eb lart\u00eb, si\u00e7 \u00ebsht\u00eb motori me shpejt\u00ebsi t\u00eb lart\u00eb, i cili ofron performanc\u00eb thithjeje duksh\u00ebm m\u00eb t\u00eb lart\u00eb se makinat konvencionale. Rezultati \u00ebsht\u00eb sip\u00ebrfaqe pa vija, pavar\u00ebsisht n\u00ebse e p\u00ebrdorni fshes\u00ebn me korrent p\u00ebr dritare dhe sip\u00ebrfaqe si fshes\u00eb me korrent p\u00ebr dritare apo p\u00ebr t\u00eb pastruar pllaka, pasqyra, vitrina, banak\u00eb ose \u00e7do sip\u00ebrfaqe tjet\u00ebr t\u00eb l\u00ebmuar. Pavar\u00ebsisht n\u00ebse punoni n\u00eb sip\u00ebrfaqe vertikale apo horizontale apo sip\u00ebr kok\u00ebs: fshesa me korrent \u00ebsht\u00eb gjithmon\u00eb e rehatshme p\u00ebr t&#8217;u mbajtur dhe rezultatet e pastrimit jan\u00eb perfekte n\u00eb \u00e7do pozicion &#8211; madje deri n\u00eb skaje fal\u00eb distancuesit t\u00eb rregulluesh\u00ebm manualisht. Rezervuari prej 200 ml p\u00ebr uj\u00eb t\u00eb ndotur ofron kapacitet t\u00eb mjaftuesh\u00ebm p\u00ebr periudha t\u00eb gjata p\u00ebrdorimi, zbrazet shpejt dhe leht\u00eb dhe mund t\u00eb lahet n\u00eb lavastovilje. Nj\u00eb bateri (koh\u00ebzgjatje 30 minuta), karikuesi i bateris\u00eb, nj\u00eb shishe sp\u00ebrkat\u00ebse dhe nj\u00eb leck\u00eb fshirjeje me mikrofib\u00ebr p\u00ebrfshihen n\u00eb furnizim.<\/p>","protected":false},"excerpt":{"rendered":"<p>Me bateri, e leht\u00eb dhe e fuqishme: Fshesa jon\u00eb profesionale me korrent p\u00ebr dritare dhe sip\u00ebrfaqe, WVP 10, q\u00eb mbahet<\/p>","protected":false},"featured_media":16669,"template":"","meta":{"_crdt_document":""},"product_brand":[99],"product_cat":[80],"product_tag":[],"class_list":{"0":"post-16284","1":"product","2":"type-product","3":"status-publish","4":"has-post-thumbnail","6":"product_brand-karcher","7":"product_cat-pastrues-xhamash-professional","9":"first","10":"instock","11":"shipping-taxable","12":"purchasable","13":"product-type-simple"},"jetpack_sharing_enabled":true,"_links":{"self":[{"href":"https:\/\/danfosal.com\/en\/wp-json\/wp\/v2\/product\/16284","targetHints":{"allow":["GET"]}}],"collection":[{"href":"https:\/\/danfosal.com\/en\/wp-json\/wp\/v2\/product"}],"about":[{"href":"https:\/\/danfosal.com\/en\/wp-json\/wp\/v2\/types\/product"}],"version-history":[{"count":1,"href":"https:\/\/danfosal.com\/en\/wp-json\/wp\/v2\/product\/16284\/revisions"}],"predecessor-version":[{"id":16285,"href":"https:\/\/danfosal.com\/en\/wp-json\/wp\/v2\/product\/16284\/revisions\/16285"}],"wp:featuredmedia":[{"embeddable":true,"href":"https:\/\/danfosal.com\/en\/wp-json\/wp\/v2\/media\/16669"}],"wp:attachment":[{"href":"https:\/\/danfosal.com\/en\/wp-json\/wp\/v2\/media?parent=16284"}],"wp:term":[{"taxonomy":"product_brand","embeddable":true,"href":"https:\/\/danfosal.com\/en\/wp-json\/wp\/v2\/product_brand?post=16284"},{"taxonomy":"product_cat","embeddable":true,"href":"https:\/\/danfosal.com\/en\/wp-json\/wp\/v2\/product_cat?post=16284"},{"taxonomy":"product_tag","embeddable":true,"href":"https:\/\/danfosal.com\/en\/wp-json\/wp\/v2\/product_tag?post=16284"}],"curies":[{"name":"wp","href":"https:\/\/api.w.org\/{rel}","templated":true}]}}