{"id":16286,"date":"2025-05-10T22:48:19","date_gmt":"2025-05-10T22:48:19","guid":{"rendered":"https:\/\/danfosal.com\/?post_type=product&#038;p=16286"},"modified":"2025-05-28T21:50:26","modified_gmt":"2025-05-28T21:50:26","slug":"rulopak-alcohol-plus-0-7l","status":"publish","type":"product","link":"https:\/\/danfosal.com\/en\/product\/rulopak-alcohol-plus-0-7l\/","title":{"rendered":"Rulopak Alcohol Plus 0.7L"},"content":{"rendered":"<p>Vret bakteret, viruset dhe mikroorganizmat me efektin e tij dezinfektues. Ka nj\u00eb ve\u00e7ori mbrojt\u00ebse q\u00eb parandalon ri-infektimin dhe riprodhimin e mikroorganizmave n\u00eb sip\u00ebrfaqen e aplikuar.<br \/>\nFal\u00eb formul\u00ebs s\u00eb tij t\u00eb avullueshme me baz\u00eb alkooli, nuk l\u00eb asnj\u00eb mbetje kimike, er\u00eb dhe nuk prish shijen e ushqimit.<br \/>\n\u00cbsht\u00eb pa arom\u00eb dhe pa ngjyr\u00eb.<\/p>","protected":false},"excerpt":{"rendered":"<p>Vret bakteret, viruset dhe mikroorganizmat me efektin e tij dezinfektues. Ka nj\u00eb ve\u00e7ori mbrojt\u00ebse q\u00eb parandalon ri-infektimin dhe riprodhimin e<\/p>","protected":false},"featured_media":16676,"template":"","meta":{"_crdt_document":""},"product_brand":[101],"product_cat":[127],"product_tag":[],"class_list":{"0":"post-16286","1":"product","2":"type-product","3":"status-publish","4":"has-post-thumbnail","6":"product_brand-rulopak","7":"product_cat-solucione","9":"first","10":"instock","11":"shipping-taxable","12":"purchasable","13":"product-type-simple"},"jetpack_sharing_enabled":true,"_links":{"self":[{"href":"https:\/\/danfosal.com\/en\/wp-json\/wp\/v2\/product\/16286","targetHints":{"allow":["GET"]}}],"collection":[{"href":"https:\/\/danfosal.com\/en\/wp-json\/wp\/v2\/product"}],"about":[{"href":"https:\/\/danfosal.com\/en\/wp-json\/wp\/v2\/types\/product"}],"version-history":[{"count":1,"href":"https:\/\/danfosal.com\/en\/wp-json\/wp\/v2\/product\/16286\/revisions"}],"predecessor-version":[{"id":16287,"href":"https:\/\/danfosal.com\/en\/wp-json\/wp\/v2\/product\/16286\/revisions\/16287"}],"wp:featuredmedia":[{"embeddable":true,"href":"https:\/\/danfosal.com\/en\/wp-json\/wp\/v2\/media\/16676"}],"wp:attachment":[{"href":"https:\/\/danfosal.com\/en\/wp-json\/wp\/v2\/media?parent=16286"}],"wp:term":[{"taxonomy":"product_brand","embeddable":true,"href":"https:\/\/danfosal.com\/en\/wp-json\/wp\/v2\/product_brand?post=16286"},{"taxonomy":"product_cat","embeddable":true,"href":"https:\/\/danfosal.com\/en\/wp-json\/wp\/v2\/product_cat?post=16286"},{"taxonomy":"product_tag","embeddable":true,"href":"https:\/\/danfosal.com\/en\/wp-json\/wp\/v2\/product_tag?post=16286"}],"curies":[{"name":"wp","href":"https:\/\/api.w.org\/{rel}","templated":true}]}}