{"id":16290,"date":"2025-05-10T22:48:20","date_gmt":"2025-05-10T22:48:20","guid":{"rendered":"https:\/\/danfosal.com\/?post_type=product&#038;p=16290"},"modified":"2025-05-28T21:50:26","modified_gmt":"2025-05-28T21:50:26","slug":"rulopak-car-shampoo-5l","status":"publish","type":"product","link":"https:\/\/danfosal.com\/en\/product\/rulopak-car-shampoo-5l\/","title":{"rendered":"Rulopak Car Shampoo 5L"},"content":{"rendered":"<p>Me fuqin\u00eb e tij t\u00eb lart\u00eb pastruese dhe formul\u00ebn e l\u00ebmuar, pastron leht\u00eb pa d\u00ebmtuar boj\u00ebn e automjetit dhe i jep shk\u00eblqim.<\/p>","protected":false},"excerpt":{"rendered":"<p>Me fuqin\u00eb e tij t\u00eb lart\u00eb pastruese dhe formul\u00ebn e l\u00ebmuar, pastron leht\u00eb pa d\u00ebmtuar boj\u00ebn e automjetit dhe i<\/p>","protected":false},"featured_media":16678,"template":"","meta":{"_crdt_document":""},"product_brand":[101],"product_cat":[127],"product_tag":[],"class_list":{"0":"post-16290","1":"product","2":"type-product","3":"status-publish","4":"has-post-thumbnail","6":"product_brand-rulopak","7":"product_cat-solucione","9":"first","10":"instock","11":"shipping-taxable","12":"purchasable","13":"product-type-simple"},"jetpack_sharing_enabled":true,"_links":{"self":[{"href":"https:\/\/danfosal.com\/en\/wp-json\/wp\/v2\/product\/16290","targetHints":{"allow":["GET"]}}],"collection":[{"href":"https:\/\/danfosal.com\/en\/wp-json\/wp\/v2\/product"}],"about":[{"href":"https:\/\/danfosal.com\/en\/wp-json\/wp\/v2\/types\/product"}],"version-history":[{"count":1,"href":"https:\/\/danfosal.com\/en\/wp-json\/wp\/v2\/product\/16290\/revisions"}],"predecessor-version":[{"id":16291,"href":"https:\/\/danfosal.com\/en\/wp-json\/wp\/v2\/product\/16290\/revisions\/16291"}],"wp:featuredmedia":[{"embeddable":true,"href":"https:\/\/danfosal.com\/en\/wp-json\/wp\/v2\/media\/16678"}],"wp:attachment":[{"href":"https:\/\/danfosal.com\/en\/wp-json\/wp\/v2\/media?parent=16290"}],"wp:term":[{"taxonomy":"product_brand","embeddable":true,"href":"https:\/\/danfosal.com\/en\/wp-json\/wp\/v2\/product_brand?post=16290"},{"taxonomy":"product_cat","embeddable":true,"href":"https:\/\/danfosal.com\/en\/wp-json\/wp\/v2\/product_cat?post=16290"},{"taxonomy":"product_tag","embeddable":true,"href":"https:\/\/danfosal.com\/en\/wp-json\/wp\/v2\/product_tag?post=16290"}],"curies":[{"name":"wp","href":"https:\/\/api.w.org\/{rel}","templated":true}]}}