{"id":16292,"date":"2025-05-10T22:48:20","date_gmt":"2025-05-10T22:48:20","guid":{"rendered":"https:\/\/danfosal.com\/?post_type=product&#038;p=16292"},"modified":"2025-05-28T21:50:26","modified_gmt":"2025-05-28T21:50:26","slug":"rulopak-degreaser-0-7","status":"publish","type":"product","link":"https:\/\/danfosal.com\/en\/product\/rulopak-degreaser-0-7\/","title":{"rendered":"Rulopak Degreaser 0.7L"},"content":{"rendered":"<p>Paketim 750 ml<br \/>\nHeq\u00ebs yndyre dhe papast\u00ebrtish<br \/>\nHeq papast\u00ebrtin\u00eb kok\u00ebfort\u00eb<br \/>\nPastrim i fort\u00eb.<br \/>\nNuk l\u00eb shenja<\/p>","protected":false},"excerpt":{"rendered":"<p>Paketim 750 ml Heq\u00ebs yndyre dhe papast\u00ebrtish Heq papast\u00ebrtin\u00eb kok\u00ebfort\u00eb Pastrim i fort\u00eb. Nuk l\u00eb shenja<\/p>","protected":false},"featured_media":16679,"template":"","meta":{"_crdt_document":""},"product_brand":[101],"product_cat":[127],"product_tag":[],"class_list":{"0":"post-16292","1":"product","2":"type-product","3":"status-publish","4":"has-post-thumbnail","6":"product_brand-rulopak","7":"product_cat-solucione","9":"first","10":"instock","11":"shipping-taxable","12":"purchasable","13":"product-type-simple"},"jetpack_sharing_enabled":true,"_links":{"self":[{"href":"https:\/\/danfosal.com\/en\/wp-json\/wp\/v2\/product\/16292","targetHints":{"allow":["GET"]}}],"collection":[{"href":"https:\/\/danfosal.com\/en\/wp-json\/wp\/v2\/product"}],"about":[{"href":"https:\/\/danfosal.com\/en\/wp-json\/wp\/v2\/types\/product"}],"version-history":[{"count":2,"href":"https:\/\/danfosal.com\/en\/wp-json\/wp\/v2\/product\/16292\/revisions"}],"predecessor-version":[{"id":16680,"href":"https:\/\/danfosal.com\/en\/wp-json\/wp\/v2\/product\/16292\/revisions\/16680"}],"wp:featuredmedia":[{"embeddable":true,"href":"https:\/\/danfosal.com\/en\/wp-json\/wp\/v2\/media\/16679"}],"wp:attachment":[{"href":"https:\/\/danfosal.com\/en\/wp-json\/wp\/v2\/media?parent=16292"}],"wp:term":[{"taxonomy":"product_brand","embeddable":true,"href":"https:\/\/danfosal.com\/en\/wp-json\/wp\/v2\/product_brand?post=16292"},{"taxonomy":"product_cat","embeddable":true,"href":"https:\/\/danfosal.com\/en\/wp-json\/wp\/v2\/product_cat?post=16292"},{"taxonomy":"product_tag","embeddable":true,"href":"https:\/\/danfosal.com\/en\/wp-json\/wp\/v2\/product_tag?post=16292"}],"curies":[{"name":"wp","href":"https:\/\/api.w.org\/{rel}","templated":true}]}}