{"id":16294,"date":"2025-05-10T22:48:20","date_gmt":"2025-05-10T22:48:20","guid":{"rendered":"https:\/\/danfosal.com\/?post_type=product&#038;p=16294"},"modified":"2025-05-28T21:50:26","modified_gmt":"2025-05-28T21:50:26","slug":"rulopak-degreaser-5l","status":"publish","type":"product","link":"https:\/\/danfosal.com\/en\/product\/rulopak-degreaser-5l\/","title":{"rendered":"Rulopak Degreaser 5L"},"content":{"rendered":"<p>Heq\u00ebs ultra vaji q\u00eb heq shtresat e vajit t\u00eb formuara n\u00eb dysheme, aspirator\u00eb dhe mure n\u00eb kuzhina.<\/p>","protected":false},"excerpt":{"rendered":"<p>Heq\u00ebs ultra vaji q\u00eb heq shtresat e vajit t\u00eb formuara n\u00eb dysheme, aspirator\u00eb dhe mure n\u00eb kuzhina.<\/p>","protected":false},"featured_media":16681,"template":"","meta":{"_crdt_document":""},"product_brand":[101],"product_cat":[127],"product_tag":[],"class_list":{"0":"post-16294","1":"product","2":"type-product","3":"status-publish","4":"has-post-thumbnail","6":"product_brand-rulopak","7":"product_cat-solucione","9":"first","10":"instock","11":"shipping-taxable","12":"purchasable","13":"product-type-simple"},"jetpack_sharing_enabled":true,"_links":{"self":[{"href":"https:\/\/danfosal.com\/en\/wp-json\/wp\/v2\/product\/16294","targetHints":{"allow":["GET"]}}],"collection":[{"href":"https:\/\/danfosal.com\/en\/wp-json\/wp\/v2\/product"}],"about":[{"href":"https:\/\/danfosal.com\/en\/wp-json\/wp\/v2\/types\/product"}],"version-history":[{"count":1,"href":"https:\/\/danfosal.com\/en\/wp-json\/wp\/v2\/product\/16294\/revisions"}],"predecessor-version":[{"id":16295,"href":"https:\/\/danfosal.com\/en\/wp-json\/wp\/v2\/product\/16294\/revisions\/16295"}],"wp:featuredmedia":[{"embeddable":true,"href":"https:\/\/danfosal.com\/en\/wp-json\/wp\/v2\/media\/16681"}],"wp:attachment":[{"href":"https:\/\/danfosal.com\/en\/wp-json\/wp\/v2\/media?parent=16294"}],"wp:term":[{"taxonomy":"product_brand","embeddable":true,"href":"https:\/\/danfosal.com\/en\/wp-json\/wp\/v2\/product_brand?post=16294"},{"taxonomy":"product_cat","embeddable":true,"href":"https:\/\/danfosal.com\/en\/wp-json\/wp\/v2\/product_cat?post=16294"},{"taxonomy":"product_tag","embeddable":true,"href":"https:\/\/danfosal.com\/en\/wp-json\/wp\/v2\/product_tag?post=16294"}],"curies":[{"name":"wp","href":"https:\/\/api.w.org\/{rel}","templated":true}]}}