{"id":16296,"date":"2025-05-10T22:48:20","date_gmt":"2025-05-10T22:48:20","guid":{"rendered":"https:\/\/danfosal.com\/?post_type=product&#038;p=16296"},"modified":"2025-05-28T21:50:26","modified_gmt":"2025-05-28T21:50:26","slug":"rulopak-descaler-5l","status":"publish","type":"product","link":"https:\/\/danfosal.com\/en\/product\/rulopak-descaler-5l\/","title":{"rendered":"Rulopak Descaler 5L"},"content":{"rendered":"<p>Nj\u00eb pastrues banjoje q\u00eb largon papast\u00ebrtin\u00eb e p\u00ebrditshme t\u00eb banj\u00ebs, mbetjet e sapunit dhe mbetjet e g\u00eblqeres dhe mund t\u00eb p\u00ebrdoret n\u00eb pllaka, lavaman\u00eb, kabina dushi dhe pajisje.<\/p>","protected":false},"excerpt":{"rendered":"<p>Nj\u00eb pastrues banjoje q\u00eb largon papast\u00ebrtin\u00eb e p\u00ebrditshme t\u00eb banj\u00ebs, mbetjet e sapunit dhe mbetjet e g\u00eblqeres dhe mund t\u00eb<\/p>","protected":false},"featured_media":16682,"template":"","meta":{"_crdt_document":""},"product_brand":[101],"product_cat":[127],"product_tag":[],"class_list":{"0":"post-16296","1":"product","2":"type-product","3":"status-publish","4":"has-post-thumbnail","6":"product_brand-rulopak","7":"product_cat-solucione","9":"first","10":"instock","11":"shipping-taxable","12":"purchasable","13":"product-type-simple"},"jetpack_sharing_enabled":true,"_links":{"self":[{"href":"https:\/\/danfosal.com\/en\/wp-json\/wp\/v2\/product\/16296","targetHints":{"allow":["GET"]}}],"collection":[{"href":"https:\/\/danfosal.com\/en\/wp-json\/wp\/v2\/product"}],"about":[{"href":"https:\/\/danfosal.com\/en\/wp-json\/wp\/v2\/types\/product"}],"version-history":[{"count":1,"href":"https:\/\/danfosal.com\/en\/wp-json\/wp\/v2\/product\/16296\/revisions"}],"predecessor-version":[{"id":16297,"href":"https:\/\/danfosal.com\/en\/wp-json\/wp\/v2\/product\/16296\/revisions\/16297"}],"wp:featuredmedia":[{"embeddable":true,"href":"https:\/\/danfosal.com\/en\/wp-json\/wp\/v2\/media\/16682"}],"wp:attachment":[{"href":"https:\/\/danfosal.com\/en\/wp-json\/wp\/v2\/media?parent=16296"}],"wp:term":[{"taxonomy":"product_brand","embeddable":true,"href":"https:\/\/danfosal.com\/en\/wp-json\/wp\/v2\/product_brand?post=16296"},{"taxonomy":"product_cat","embeddable":true,"href":"https:\/\/danfosal.com\/en\/wp-json\/wp\/v2\/product_cat?post=16296"},{"taxonomy":"product_tag","embeddable":true,"href":"https:\/\/danfosal.com\/en\/wp-json\/wp\/v2\/product_tag?post=16296"}],"curies":[{"name":"wp","href":"https:\/\/api.w.org\/{rel}","templated":true}]}}