{"id":16298,"date":"2025-05-10T22:48:21","date_gmt":"2025-05-10T22:48:21","guid":{"rendered":"https:\/\/danfosal.com\/?post_type=product&#038;p=16298"},"modified":"2025-05-28T21:50:25","modified_gmt":"2025-05-28T21:50:25","slug":"rulopak-floor-fresh-5l","status":"publish","type":"product","link":"https:\/\/danfosal.com\/en\/product\/rulopak-floor-fresh-5l\/","title":{"rendered":"Rulopak Floor Fresh 5L"},"content":{"rendered":"<p>Mund t\u00eb p\u00ebrdoret n\u00eb makinat e pastrimit; Nj\u00eb agjent pastrimi q\u00eb pastron sip\u00ebrfaqen leht\u00ebsisht dhe i jep shk\u00eblqim, l\u00eb nj\u00eb arom\u00eb t\u00eb k\u00ebndshme mjedisit dhe nuk d\u00ebmton makin\u00ebn tuaj me ve\u00e7orin\u00eb e tij t\u00eb ul\u00ebt t\u00eb shkum\u00ebzimit.<\/p>","protected":false},"excerpt":{"rendered":"<p>Mund t\u00eb p\u00ebrdoret n\u00eb makinat e pastrimit; Nj\u00eb agjent pastrimi q\u00eb pastron sip\u00ebrfaqen leht\u00ebsisht dhe i jep shk\u00eblqim, l\u00eb nj\u00eb<\/p>","protected":false},"featured_media":16683,"template":"","meta":{"_crdt_document":""},"product_brand":[101],"product_cat":[127],"product_tag":[],"class_list":{"0":"post-16298","1":"product","2":"type-product","3":"status-publish","4":"has-post-thumbnail","6":"product_brand-rulopak","7":"product_cat-solucione","9":"first","10":"instock","11":"shipping-taxable","12":"purchasable","13":"product-type-simple"},"jetpack_sharing_enabled":true,"_links":{"self":[{"href":"https:\/\/danfosal.com\/en\/wp-json\/wp\/v2\/product\/16298","targetHints":{"allow":["GET"]}}],"collection":[{"href":"https:\/\/danfosal.com\/en\/wp-json\/wp\/v2\/product"}],"about":[{"href":"https:\/\/danfosal.com\/en\/wp-json\/wp\/v2\/types\/product"}],"version-history":[{"count":1,"href":"https:\/\/danfosal.com\/en\/wp-json\/wp\/v2\/product\/16298\/revisions"}],"predecessor-version":[{"id":16299,"href":"https:\/\/danfosal.com\/en\/wp-json\/wp\/v2\/product\/16298\/revisions\/16299"}],"wp:featuredmedia":[{"embeddable":true,"href":"https:\/\/danfosal.com\/en\/wp-json\/wp\/v2\/media\/16683"}],"wp:attachment":[{"href":"https:\/\/danfosal.com\/en\/wp-json\/wp\/v2\/media?parent=16298"}],"wp:term":[{"taxonomy":"product_brand","embeddable":true,"href":"https:\/\/danfosal.com\/en\/wp-json\/wp\/v2\/product_brand?post=16298"},{"taxonomy":"product_cat","embeddable":true,"href":"https:\/\/danfosal.com\/en\/wp-json\/wp\/v2\/product_cat?post=16298"},{"taxonomy":"product_tag","embeddable":true,"href":"https:\/\/danfosal.com\/en\/wp-json\/wp\/v2\/product_tag?post=16298"}],"curies":[{"name":"wp","href":"https:\/\/api.w.org\/{rel}","templated":true}]}}