{"id":16304,"date":"2025-05-10T22:48:21","date_gmt":"2025-05-10T22:48:21","guid":{"rendered":"https:\/\/danfosal.com\/?post_type=product&#038;p=16304"},"modified":"2025-05-28T21:50:26","modified_gmt":"2025-05-28T21:50:26","slug":"rulopak-pro-glass-5l","status":"publish","type":"product","link":"https:\/\/danfosal.com\/en\/product\/rulopak-pro-glass-5l\/","title":{"rendered":"Rulopak Pro Glass 5L"},"content":{"rendered":"<p>Nj\u00eb agjent pastrimi q\u00eb mund t\u00eb p\u00ebrdoret n\u00eb xhama, pasqyra dhe sip\u00ebrfaqe me shk\u00eblqim t\u00eb lart\u00eb, pastrohet leht\u00eb, ka efekt lustrues, ngadal\u00ebson pluhurosjen dhe \u00ebsht\u00eb kund\u00ebr mjegullimit.<\/p>","protected":false},"excerpt":{"rendered":"<p>Nj\u00eb agjent pastrimi q\u00eb mund t\u00eb p\u00ebrdoret n\u00eb xhama, pasqyra dhe sip\u00ebrfaqe me shk\u00eblqim t\u00eb lart\u00eb, pastrohet leht\u00eb, ka efekt<\/p>","protected":false},"featured_media":16686,"template":"","meta":{"_crdt_document":""},"product_brand":[101],"product_cat":[127],"product_tag":[],"class_list":{"0":"post-16304","1":"product","2":"type-product","3":"status-publish","4":"has-post-thumbnail","6":"product_brand-rulopak","7":"product_cat-solucione","9":"first","10":"instock","11":"shipping-taxable","12":"purchasable","13":"product-type-simple"},"jetpack_sharing_enabled":true,"_links":{"self":[{"href":"https:\/\/danfosal.com\/en\/wp-json\/wp\/v2\/product\/16304","targetHints":{"allow":["GET"]}}],"collection":[{"href":"https:\/\/danfosal.com\/en\/wp-json\/wp\/v2\/product"}],"about":[{"href":"https:\/\/danfosal.com\/en\/wp-json\/wp\/v2\/types\/product"}],"version-history":[{"count":1,"href":"https:\/\/danfosal.com\/en\/wp-json\/wp\/v2\/product\/16304\/revisions"}],"predecessor-version":[{"id":16305,"href":"https:\/\/danfosal.com\/en\/wp-json\/wp\/v2\/product\/16304\/revisions\/16305"}],"wp:featuredmedia":[{"embeddable":true,"href":"https:\/\/danfosal.com\/en\/wp-json\/wp\/v2\/media\/16686"}],"wp:attachment":[{"href":"https:\/\/danfosal.com\/en\/wp-json\/wp\/v2\/media?parent=16304"}],"wp:term":[{"taxonomy":"product_brand","embeddable":true,"href":"https:\/\/danfosal.com\/en\/wp-json\/wp\/v2\/product_brand?post=16304"},{"taxonomy":"product_cat","embeddable":true,"href":"https:\/\/danfosal.com\/en\/wp-json\/wp\/v2\/product_cat?post=16304"},{"taxonomy":"product_tag","embeddable":true,"href":"https:\/\/danfosal.com\/en\/wp-json\/wp\/v2\/product_tag?post=16304"}],"curies":[{"name":"wp","href":"https:\/\/api.w.org\/{rel}","templated":true}]}}