{"id":16306,"date":"2025-05-10T22:48:22","date_gmt":"2025-05-10T22:48:22","guid":{"rendered":"https:\/\/danfosal.com\/?post_type=product&#038;p=16306"},"modified":"2025-05-28T21:50:25","modified_gmt":"2025-05-28T21:50:25","slug":"rulopak-sanitary-anti-lime-0-7","status":"publish","type":"product","link":"https:\/\/danfosal.com\/en\/product\/rulopak-sanitary-anti-lime-0-7\/","title":{"rendered":"Rulopak Sanitary Anti Lime 0.7L"},"content":{"rendered":"<p>Nj\u00eb pastrues banjoje q\u00eb largon papast\u00ebrtin\u00eb e p\u00ebrditshme t\u00eb banj\u00ebs, mbetjet e sapunit dhe mbetjet e g\u00eblqeres dhe mund t\u00eb p\u00ebrdoret n\u00eb pllaka, lavaman\u00eb, kabina dushi dhe pajisje.<\/p>","protected":false},"excerpt":{"rendered":"<p>Nj\u00eb pastrues banjoje q\u00eb largon papast\u00ebrtin\u00eb e p\u00ebrditshme t\u00eb banj\u00ebs, mbetjet e sapunit dhe mbetjet e g\u00eblqeres dhe mund t\u00eb<\/p>","protected":false},"featured_media":16687,"template":"","meta":{"_crdt_document":""},"product_brand":[101],"product_cat":[127],"product_tag":[],"class_list":{"0":"post-16306","1":"product","2":"type-product","3":"status-publish","4":"has-post-thumbnail","6":"product_brand-rulopak","7":"product_cat-solucione","9":"first","10":"instock","11":"shipping-taxable","12":"purchasable","13":"product-type-simple"},"jetpack_sharing_enabled":true,"_links":{"self":[{"href":"https:\/\/danfosal.com\/en\/wp-json\/wp\/v2\/product\/16306","targetHints":{"allow":["GET"]}}],"collection":[{"href":"https:\/\/danfosal.com\/en\/wp-json\/wp\/v2\/product"}],"about":[{"href":"https:\/\/danfosal.com\/en\/wp-json\/wp\/v2\/types\/product"}],"version-history":[{"count":2,"href":"https:\/\/danfosal.com\/en\/wp-json\/wp\/v2\/product\/16306\/revisions"}],"predecessor-version":[{"id":16688,"href":"https:\/\/danfosal.com\/en\/wp-json\/wp\/v2\/product\/16306\/revisions\/16688"}],"wp:featuredmedia":[{"embeddable":true,"href":"https:\/\/danfosal.com\/en\/wp-json\/wp\/v2\/media\/16687"}],"wp:attachment":[{"href":"https:\/\/danfosal.com\/en\/wp-json\/wp\/v2\/media?parent=16306"}],"wp:term":[{"taxonomy":"product_brand","embeddable":true,"href":"https:\/\/danfosal.com\/en\/wp-json\/wp\/v2\/product_brand?post=16306"},{"taxonomy":"product_cat","embeddable":true,"href":"https:\/\/danfosal.com\/en\/wp-json\/wp\/v2\/product_cat?post=16306"},{"taxonomy":"product_tag","embeddable":true,"href":"https:\/\/danfosal.com\/en\/wp-json\/wp\/v2\/product_tag?post=16306"}],"curies":[{"name":"wp","href":"https:\/\/api.w.org\/{rel}","templated":true}]}}