{"id":16308,"date":"2025-05-10T22:48:22","date_gmt":"2025-05-10T22:48:22","guid":{"rendered":"https:\/\/danfosal.com\/?post_type=product&#038;p=16308"},"modified":"2025-05-28T21:50:25","modified_gmt":"2025-05-28T21:50:25","slug":"rulopak-sapun-duarsh-5l","status":"publish","type":"product","link":"https:\/\/danfosal.com\/en\/product\/rulopak-sapun-duarsh-5l\/","title":{"rendered":"Rulopak Sapun Duarsh 5L"},"content":{"rendered":"<p>Detergjent p\u00ebr larjen e duarve me veti t\u00eb larta shkum\u00ebzimi, p\u00ebrhapet leht\u00eb, ruan ekuilibrin e lag\u00ebshtis\u00eb dhe ka nj\u00eb arom\u00eb t\u00eb k\u00ebndshme.<\/p>","protected":false},"excerpt":{"rendered":"<p>Detergjent p\u00ebr larjen e duarve me veti t\u00eb larta shkum\u00ebzimi, p\u00ebrhapet leht\u00eb, ruan ekuilibrin e lag\u00ebshtis\u00eb dhe ka nj\u00eb arom\u00eb<\/p>","protected":false},"featured_media":16689,"template":"","meta":{"_crdt_document":""},"product_brand":[101],"product_cat":[127],"product_tag":[],"class_list":{"0":"post-16308","1":"product","2":"type-product","3":"status-publish","4":"has-post-thumbnail","6":"product_brand-rulopak","7":"product_cat-solucione","9":"first","10":"instock","11":"shipping-taxable","12":"purchasable","13":"product-type-simple"},"jetpack_sharing_enabled":true,"_links":{"self":[{"href":"https:\/\/danfosal.com\/en\/wp-json\/wp\/v2\/product\/16308","targetHints":{"allow":["GET"]}}],"collection":[{"href":"https:\/\/danfosal.com\/en\/wp-json\/wp\/v2\/product"}],"about":[{"href":"https:\/\/danfosal.com\/en\/wp-json\/wp\/v2\/types\/product"}],"version-history":[{"count":1,"href":"https:\/\/danfosal.com\/en\/wp-json\/wp\/v2\/product\/16308\/revisions"}],"predecessor-version":[{"id":16309,"href":"https:\/\/danfosal.com\/en\/wp-json\/wp\/v2\/product\/16308\/revisions\/16309"}],"wp:featuredmedia":[{"embeddable":true,"href":"https:\/\/danfosal.com\/en\/wp-json\/wp\/v2\/media\/16689"}],"wp:attachment":[{"href":"https:\/\/danfosal.com\/en\/wp-json\/wp\/v2\/media?parent=16308"}],"wp:term":[{"taxonomy":"product_brand","embeddable":true,"href":"https:\/\/danfosal.com\/en\/wp-json\/wp\/v2\/product_brand?post=16308"},{"taxonomy":"product_cat","embeddable":true,"href":"https:\/\/danfosal.com\/en\/wp-json\/wp\/v2\/product_cat?post=16308"},{"taxonomy":"product_tag","embeddable":true,"href":"https:\/\/danfosal.com\/en\/wp-json\/wp\/v2\/product_tag?post=16308"}],"curies":[{"name":"wp","href":"https:\/\/api.w.org\/{rel}","templated":true}]}}