{"id":16310,"date":"2025-05-10T22:48:22","date_gmt":"2025-05-10T22:48:22","guid":{"rendered":"https:\/\/danfosal.com\/?post_type=product&#038;p=16310"},"modified":"2025-05-14T18:07:05","modified_gmt":"2025-05-14T18:07:05","slug":"star-20-wdm","status":"publish","type":"product","link":"https:\/\/danfosal.com\/en\/product\/star-20-wdm\/","title":{"rendered":"Star 20 WDM"},"content":{"rendered":"<p>Makinat e pastrimit t\u00eb lag\u00ebsht dhe kimik modeli 20 wdm jan\u00eb t\u00eb lehta fal\u00eb trupit t\u00eb tyre praktik prej plastike. T\u00eb lehta p\u00ebr t\u2019u p\u00ebrdorur dhe ideale p\u00ebr performanc\u00eb t\u00eb lart\u00eb, pastrim profesional me fuqi vakumi 220 mm, rrota gome q\u00eb nuk l\u00ebn\u00eb njolla, makin\u00eb pastrimi me nivel t\u00eb ul\u00ebt zhurme me sistem izolimi shtes\u00eb.<\/p>","protected":false},"excerpt":{"rendered":"<p>Makinat e pastrimit t\u00eb lag\u00ebsht dhe kimik modeli 20 wdm jan\u00eb t\u00eb lehta fal\u00eb trupit t\u00eb tyre praktik prej plastike.<\/p>","protected":false},"featured_media":16690,"template":"","meta":{"_crdt_document":""},"product_brand":[100],"product_cat":[83],"product_tag":[],"class_list":{"0":"post-16310","1":"product","2":"type-product","3":"status-publish","4":"has-post-thumbnail","6":"product_brand-starmakina","7":"product_cat-thithese-e-thate-professional","9":"first","10":"instock","11":"shipping-taxable","12":"purchasable","13":"product-type-simple"},"jetpack_sharing_enabled":true,"_links":{"self":[{"href":"https:\/\/danfosal.com\/en\/wp-json\/wp\/v2\/product\/16310","targetHints":{"allow":["GET"]}}],"collection":[{"href":"https:\/\/danfosal.com\/en\/wp-json\/wp\/v2\/product"}],"about":[{"href":"https:\/\/danfosal.com\/en\/wp-json\/wp\/v2\/types\/product"}],"version-history":[{"count":1,"href":"https:\/\/danfosal.com\/en\/wp-json\/wp\/v2\/product\/16310\/revisions"}],"predecessor-version":[{"id":16311,"href":"https:\/\/danfosal.com\/en\/wp-json\/wp\/v2\/product\/16310\/revisions\/16311"}],"wp:featuredmedia":[{"embeddable":true,"href":"https:\/\/danfosal.com\/en\/wp-json\/wp\/v2\/media\/16690"}],"wp:attachment":[{"href":"https:\/\/danfosal.com\/en\/wp-json\/wp\/v2\/media?parent=16310"}],"wp:term":[{"taxonomy":"product_brand","embeddable":true,"href":"https:\/\/danfosal.com\/en\/wp-json\/wp\/v2\/product_brand?post=16310"},{"taxonomy":"product_cat","embeddable":true,"href":"https:\/\/danfosal.com\/en\/wp-json\/wp\/v2\/product_cat?post=16310"},{"taxonomy":"product_tag","embeddable":true,"href":"https:\/\/danfosal.com\/en\/wp-json\/wp\/v2\/product_tag?post=16310"}],"curies":[{"name":"wp","href":"https:\/\/api.w.org\/{rel}","templated":true}]}}