{"id":16312,"date":"2025-05-10T22:48:22","date_gmt":"2025-05-10T22:48:22","guid":{"rendered":"https:\/\/danfosal.com\/?post_type=product&#038;p=16312"},"modified":"2025-05-14T18:07:19","modified_gmt":"2025-05-14T18:07:19","slug":"star-60-cc","status":"publish","type":"product","link":"https:\/\/danfosal.com\/en\/product\/star-60-cc\/","title":{"rendered":"Star 60 CC"},"content":{"rendered":"<p>Fshesa me korrent Star 60 CC p\u00ebr pastrim t\u00eb lag\u00ebsht \u00ebsht\u00eb lider n\u00eb pastrim me performanc\u00ebn e saj t\u00eb fuqishme dhe kapacitetin e madh. Kjo fshes\u00eb me korrent, e cila i b\u00ebn detyrat e v\u00ebshtira t\u00eb pastrimit n\u00eb sip\u00ebrfaqe t\u00eb m\u00ebdha m\u00eb t\u00eb lehta, pastron n\u00eb m\u00ebnyr\u00eb efektive dyshemet\u00eb e lagura ose t\u00eb thata. Me fuqin\u00eb e saj t\u00eb lart\u00eb thith\u00ebse, kok\u00ebn e gjer\u00eb pastrimi dhe dizajnin miq\u00ebsor p\u00ebr p\u00ebrdoruesit, Star 60 CC p\u00ebrsos p\u00ebrvoj\u00ebn tuaj profesionale t\u00eb pastrimit. Shtoni nj\u00eb prekje ylli n\u00eb pun\u00ebt e m\u00ebdha!<\/p>","protected":false},"excerpt":{"rendered":"<p>Fshesa me korrent Star 60 CC p\u00ebr pastrim t\u00eb lag\u00ebsht \u00ebsht\u00eb lider n\u00eb pastrim me performanc\u00ebn e saj t\u00eb fuqishme<\/p>","protected":false},"featured_media":16691,"template":"","meta":{"_crdt_document":""},"product_brand":[100],"product_cat":[77],"product_tag":[],"class_list":{"0":"post-16312","1":"product","2":"type-product","3":"status-publish","4":"has-post-thumbnail","6":"product_brand-starmakina","7":"product_cat-pastrues-me-sprucim-professional","9":"first","10":"instock","11":"shipping-taxable","12":"purchasable","13":"product-type-simple"},"jetpack_sharing_enabled":true,"_links":{"self":[{"href":"https:\/\/danfosal.com\/en\/wp-json\/wp\/v2\/product\/16312","targetHints":{"allow":["GET"]}}],"collection":[{"href":"https:\/\/danfosal.com\/en\/wp-json\/wp\/v2\/product"}],"about":[{"href":"https:\/\/danfosal.com\/en\/wp-json\/wp\/v2\/types\/product"}],"version-history":[{"count":1,"href":"https:\/\/danfosal.com\/en\/wp-json\/wp\/v2\/product\/16312\/revisions"}],"predecessor-version":[{"id":16313,"href":"https:\/\/danfosal.com\/en\/wp-json\/wp\/v2\/product\/16312\/revisions\/16313"}],"wp:featuredmedia":[{"embeddable":true,"href":"https:\/\/danfosal.com\/en\/wp-json\/wp\/v2\/media\/16691"}],"wp:attachment":[{"href":"https:\/\/danfosal.com\/en\/wp-json\/wp\/v2\/media?parent=16312"}],"wp:term":[{"taxonomy":"product_brand","embeddable":true,"href":"https:\/\/danfosal.com\/en\/wp-json\/wp\/v2\/product_brand?post=16312"},{"taxonomy":"product_cat","embeddable":true,"href":"https:\/\/danfosal.com\/en\/wp-json\/wp\/v2\/product_cat?post=16312"},{"taxonomy":"product_tag","embeddable":true,"href":"https:\/\/danfosal.com\/en\/wp-json\/wp\/v2\/product_tag?post=16312"}],"curies":[{"name":"wp","href":"https:\/\/api.w.org\/{rel}","templated":true}]}}