{"id":16314,"date":"2025-05-10T22:48:23","date_gmt":"2025-05-10T22:48:23","guid":{"rendered":"https:\/\/danfosal.com\/?post_type=product&#038;p=16314"},"modified":"2025-05-14T18:07:36","modified_gmt":"2025-05-14T18:07:36","slug":"star-602-wdm","status":"publish","type":"product","link":"https:\/\/danfosal.com\/en\/product\/star-602-wdm\/","title":{"rendered":"Star 602 WDM"},"content":{"rendered":"<p>Jan\u00eb makina pastrimi t\u00eb lag\u00ebsht dhe t\u00eb that\u00eb. Modeli yn\u00eb 602 WDM \u00ebsht\u00eb praktik me karroc\u00ebn e tij t\u00eb bartjes q\u00eb mund t\u00eb mbaj\u00eb pajisjet e nevojshme p\u00ebr kushte t\u00eb ndryshme pastrimi, ofron komoditet t\u00eb madh n\u00eb pastrimin tuaj me trupin e tij prej \u00e7eliku inox dhe dy motor\u00eb 1400, kapaciteti i rezervuarit 60 litra rrit koh\u00ebn dhe performanc\u00ebn e pastrimit pa zbrazur p\u00ebr nj\u00eb koh\u00eb t\u00eb gjat\u00eb. Meqen\u00ebse rrotat e tij prej gome q\u00eb nuk l\u00ebn\u00eb gjurm\u00eb mund t\u00eb rrotullohen 360 grad\u00eb, ai siguron ngarje t\u00eb leht\u00eb. Fal\u00eb sistemit t\u00eb tij shtes\u00eb t\u00eb filtrit t\u00eb izolimit, kjo makin\u00eb pastrimi, e cila funksionon me nj\u00eb nivel t\u00eb ul\u00ebt zhurme, pastron t\u00eb gjitha llojet e metaleve, tallashit, gur\u00ebve, r\u00ebr\u00ebs, gjetheve, pluhurit dhe uj\u00ebrave t\u00eb zeza. Fshesa me korrent t\u00eb tipit industrial q\u00eb thithin leht\u00ebsisht ujin, pluhurin e im\u00ebt dhe t\u00eb trash\u00eb n\u00eb dyshemet\u00eb prej mermeri, marley, betoni, qilimash dhe linoleumi me bojlerin e saj t\u00eb madh dhe 2 motor\u00eb t\u00eb fuqish\u00ebm n\u00eb zonat e prodhimit t\u00eb fabrik\u00ebs.<\/p>\n<p>Fshesa me korrent profesionale Star 602 WDM \u00ebsht\u00eb nj\u00eb makin\u00eb pastrimi q\u00eb preferohet shum\u00eb nga kompanit\u00eb profesionale t\u00eb pastrimit.<br \/>\nAjo ofron thithje t\u00eb fort\u00eb me 2 x 1400 w \/ Motor me ventilator t\u00eb dyfisht\u00eb, (245 mbar \/ 24.5 kpa) x 2. \u00cbsht\u00eb zgjedhja e&#8230; profesionist\u00eb me fuqin\u00eb e saj t\u00eb vakumit. \u00cbsht\u00eb nj\u00eb makin\u00eb pastrimi industriale me trup metalik q\u00eb preferohet shpesh n\u00eb larjen e brendshme t\u00eb makinave.<\/p>\n<p>Fushat e P\u00ebrdorimit<br \/>\nMakina p\u00ebr pastrimin e dyshemeve Plaza<br \/>\nFshes\u00eb me korrent p\u00ebr larje makinash<br \/>\nMakina p\u00ebr pastrimin e dyshemeve p\u00ebr zyra<br \/>\nFshes\u00eb me korrent p\u00ebr pastrimin e hoteleve<br \/>\nFshes\u00eb me korrent Bosphorus<\/p>","protected":false},"excerpt":{"rendered":"<p>Jan\u00eb makina pastrimi t\u00eb lag\u00ebsht dhe t\u00eb that\u00eb. Modeli yn\u00eb 602 WDM \u00ebsht\u00eb praktik me karroc\u00ebn e tij t\u00eb bartjes<\/p>","protected":false},"featured_media":16692,"template":"","meta":{"_crdt_document":""},"product_brand":[100],"product_cat":[83],"product_tag":[],"class_list":{"0":"post-16314","1":"product","2":"type-product","3":"status-publish","4":"has-post-thumbnail","6":"product_brand-starmakina","7":"product_cat-thithese-e-thate-professional","9":"first","10":"instock","11":"shipping-taxable","12":"purchasable","13":"product-type-simple"},"jetpack_sharing_enabled":true,"_links":{"self":[{"href":"https:\/\/danfosal.com\/en\/wp-json\/wp\/v2\/product\/16314","targetHints":{"allow":["GET"]}}],"collection":[{"href":"https:\/\/danfosal.com\/en\/wp-json\/wp\/v2\/product"}],"about":[{"href":"https:\/\/danfosal.com\/en\/wp-json\/wp\/v2\/types\/product"}],"version-history":[{"count":1,"href":"https:\/\/danfosal.com\/en\/wp-json\/wp\/v2\/product\/16314\/revisions"}],"predecessor-version":[{"id":16315,"href":"https:\/\/danfosal.com\/en\/wp-json\/wp\/v2\/product\/16314\/revisions\/16315"}],"wp:featuredmedia":[{"embeddable":true,"href":"https:\/\/danfosal.com\/en\/wp-json\/wp\/v2\/media\/16692"}],"wp:attachment":[{"href":"https:\/\/danfosal.com\/en\/wp-json\/wp\/v2\/media?parent=16314"}],"wp:term":[{"taxonomy":"product_brand","embeddable":true,"href":"https:\/\/danfosal.com\/en\/wp-json\/wp\/v2\/product_brand?post=16314"},{"taxonomy":"product_cat","embeddable":true,"href":"https:\/\/danfosal.com\/en\/wp-json\/wp\/v2\/product_cat?post=16314"},{"taxonomy":"product_tag","embeddable":true,"href":"https:\/\/danfosal.com\/en\/wp-json\/wp\/v2\/product_tag?post=16314"}],"curies":[{"name":"wp","href":"https:\/\/api.w.org\/{rel}","templated":true}]}}