{"id":16316,"date":"2025-05-10T22:48:23","date_gmt":"2025-05-10T22:48:23","guid":{"rendered":"https:\/\/danfosal.com\/?post_type=product&#038;p=16316"},"modified":"2025-05-14T18:07:59","modified_gmt":"2025-05-14T18:07:59","slug":"star-603-wdm","status":"publish","type":"product","link":"https:\/\/danfosal.com\/en\/product\/star-603-wdm\/","title":{"rendered":"Star 603 WDM"},"content":{"rendered":"<p>Star 603 WDM \u00ebsht\u00eb nj\u00eb lavatri\u00e7e makinash e projektuar posa\u00e7\u00ebrisht p\u00ebr zona t\u00eb m\u00ebdha dhe autostrada. Fal\u00eb fuqis\u00eb s\u00eb saj me tre motor\u00eb, ajo pastron n\u00eb m\u00ebnyr\u00eb efektive papast\u00ebrtit\u00eb dhe njollat \u200b\u200be v\u00ebshtira. Me kapacitetin e saj t\u00eb madh pastrimi, koh\u00ebn e shpejt\u00eb t\u00eb p\u00ebrpunimit dhe p\u00ebrdorimin miq\u00ebsor ndaj p\u00ebrdoruesit, Star 603 WDM ofron rezultate t\u00eb shk\u00eblqyera pastrimi n\u00eb sip\u00ebrfaqe t\u00eb m\u00ebdha. Me q\u00ebndrueshm\u00ebrin\u00eb dhe avantazhet e saj t\u00eb lehta t\u00eb mir\u00ebmbajtjes, Star 603 WDM \u00ebsht\u00eb nj\u00eb opsion ideal p\u00ebr nevojat tuaja t\u00eb larjes s\u00eb makinave.<\/p>","protected":false},"excerpt":{"rendered":"<p>Star 603 WDM \u00ebsht\u00eb nj\u00eb lavatri\u00e7e makinash e projektuar posa\u00e7\u00ebrisht p\u00ebr zona t\u00eb m\u00ebdha dhe autostrada. Fal\u00eb fuqis\u00eb s\u00eb saj<\/p>","protected":false},"featured_media":16693,"template":"","meta":{"_crdt_document":""},"product_brand":[100],"product_cat":[83],"product_tag":[],"class_list":{"0":"post-16316","1":"product","2":"type-product","3":"status-publish","4":"has-post-thumbnail","6":"product_brand-starmakina","7":"product_cat-thithese-e-thate-professional","9":"first","10":"instock","11":"shipping-taxable","12":"purchasable","13":"product-type-simple"},"jetpack_sharing_enabled":true,"_links":{"self":[{"href":"https:\/\/danfosal.com\/en\/wp-json\/wp\/v2\/product\/16316","targetHints":{"allow":["GET"]}}],"collection":[{"href":"https:\/\/danfosal.com\/en\/wp-json\/wp\/v2\/product"}],"about":[{"href":"https:\/\/danfosal.com\/en\/wp-json\/wp\/v2\/types\/product"}],"version-history":[{"count":1,"href":"https:\/\/danfosal.com\/en\/wp-json\/wp\/v2\/product\/16316\/revisions"}],"predecessor-version":[{"id":16317,"href":"https:\/\/danfosal.com\/en\/wp-json\/wp\/v2\/product\/16316\/revisions\/16317"}],"wp:featuredmedia":[{"embeddable":true,"href":"https:\/\/danfosal.com\/en\/wp-json\/wp\/v2\/media\/16693"}],"wp:attachment":[{"href":"https:\/\/danfosal.com\/en\/wp-json\/wp\/v2\/media?parent=16316"}],"wp:term":[{"taxonomy":"product_brand","embeddable":true,"href":"https:\/\/danfosal.com\/en\/wp-json\/wp\/v2\/product_brand?post=16316"},{"taxonomy":"product_cat","embeddable":true,"href":"https:\/\/danfosal.com\/en\/wp-json\/wp\/v2\/product_cat?post=16316"},{"taxonomy":"product_tag","embeddable":true,"href":"https:\/\/danfosal.com\/en\/wp-json\/wp\/v2\/product_tag?post=16316"}],"curies":[{"name":"wp","href":"https:\/\/api.w.org\/{rel}","templated":true}]}}