{"id":16320,"date":"2025-05-10T22:48:23","date_gmt":"2025-05-10T22:48:23","guid":{"rendered":"https:\/\/danfosal.com\/?post_type=product&#038;p=16320"},"modified":"2025-05-14T18:08:38","modified_gmt":"2025-05-14T18:08:38","slug":"star-c-43","status":"publish","type":"product","link":"https:\/\/danfosal.com\/en\/product\/star-c-43\/","title":{"rendered":"Star C 43"},"content":{"rendered":"<p>Makina p\u00ebr lustrim dhe mir\u00ebmbajtje Star C 43 ofron pastrim t\u00eb leht\u00eb, t\u00eb leht\u00eb dhe profesional, ve\u00e7an\u00ebrisht n\u00eb zona t\u00eb ngushta dhe t\u00eb gjera, me performanc\u00ebn e saj superiore dhe dimensionet ideale.<\/p>","protected":false},"excerpt":{"rendered":"<p>Makina p\u00ebr lustrim dhe mir\u00ebmbajtje Star C 43 ofron pastrim t\u00eb leht\u00eb, t\u00eb leht\u00eb dhe profesional, ve\u00e7an\u00ebrisht n\u00eb zona t\u00eb<\/p>","protected":false},"featured_media":16697,"template":"","meta":{"_crdt_document":""},"product_brand":[100],"product_cat":[78],"product_tag":[],"class_list":{"0":"post-16320","1":"product","2":"type-product","3":"status-publish","4":"has-post-thumbnail","6":"product_brand-starmakina","7":"product_cat-pastrues-siperfaqesh-professional","9":"first","10":"instock","11":"shipping-taxable","12":"purchasable","13":"product-type-simple"},"jetpack_sharing_enabled":true,"_links":{"self":[{"href":"https:\/\/danfosal.com\/en\/wp-json\/wp\/v2\/product\/16320","targetHints":{"allow":["GET"]}}],"collection":[{"href":"https:\/\/danfosal.com\/en\/wp-json\/wp\/v2\/product"}],"about":[{"href":"https:\/\/danfosal.com\/en\/wp-json\/wp\/v2\/types\/product"}],"version-history":[{"count":1,"href":"https:\/\/danfosal.com\/en\/wp-json\/wp\/v2\/product\/16320\/revisions"}],"predecessor-version":[{"id":16321,"href":"https:\/\/danfosal.com\/en\/wp-json\/wp\/v2\/product\/16320\/revisions\/16321"}],"wp:featuredmedia":[{"embeddable":true,"href":"https:\/\/danfosal.com\/en\/wp-json\/wp\/v2\/media\/16697"}],"wp:attachment":[{"href":"https:\/\/danfosal.com\/en\/wp-json\/wp\/v2\/media?parent=16320"}],"wp:term":[{"taxonomy":"product_brand","embeddable":true,"href":"https:\/\/danfosal.com\/en\/wp-json\/wp\/v2\/product_brand?post=16320"},{"taxonomy":"product_cat","embeddable":true,"href":"https:\/\/danfosal.com\/en\/wp-json\/wp\/v2\/product_cat?post=16320"},{"taxonomy":"product_tag","embeddable":true,"href":"https:\/\/danfosal.com\/en\/wp-json\/wp\/v2\/product_tag?post=16320"}],"curies":[{"name":"wp","href":"https:\/\/api.w.org\/{rel}","templated":true}]}}