{"id":16322,"date":"2025-05-10T22:48:23","date_gmt":"2025-05-10T22:48:23","guid":{"rendered":"https:\/\/danfosal.com\/?post_type=product&#038;p=16322"},"modified":"2025-05-14T18:09:06","modified_gmt":"2025-05-14T18:09:06","slug":"star-combo-10-1","status":"publish","type":"product","link":"https:\/\/danfosal.com\/en\/product\/star-combo-10-1\/","title":{"rendered":"Star Combo 10\/1"},"content":{"rendered":"<p>Makina Lavatrice Profesionale p\u00ebr Qilima dhe Divane Star Combo 10\/1 \u00ebsht\u00eb nj\u00eb pajisje pastrimi perfekte q\u00eb ju lejon t\u00eb pastroni si qilimat ashtu edhe divanet n\u00eb m\u00ebnyr\u00eb t\u00eb rehatshme me struktur\u00ebn e saj kompakte dhe performanc\u00ebn efektive. Kjo makin\u00eb superiore \u00ebsht\u00eb projektuar p\u00ebr p\u00ebrdorim n\u00eb nj\u00eb gam\u00eb t\u00eb gjer\u00eb vendesh, nga sht\u00ebpit\u00eb te hotelet, zyrat te restorantet.<\/p>\n<p>Kjo makin\u00eb ju lejon t\u00eb arrini rezultate perfekte n\u00eb pastrimin e qilimave dhe divaneve. Dizajni i saj kompakt e b\u00ebn t\u00eb leht\u00eb pun\u00ebn n\u00eb hap\u00ebsira t\u00eb ngushta, nd\u00ebrsa aft\u00ebsit\u00eb e saj t\u00eb fuqishme t\u00eb pastrimit pastrojn\u00eb shpejt papast\u00ebrtin\u00eb, njollat \u200b\u200bdhe pluhurin n\u00eb dysheme. Gjithashtu ofron pastrim t\u00eb but\u00eb n\u00eb p\u00eblhurat e divaneve, duke i b\u00ebr\u00eb k\u00ebshtu divanet tuaja t\u00eb duken dhe t\u00eb ndihen si dit\u00ebn e par\u00eb.<\/p>\n<p>Makina Lavatrice p\u00ebr Qilima dhe Divane Star Combo 10\/1 \u00ebsht\u00eb jasht\u00ebzakonisht e thjesht\u00eb p\u00ebr t\u2019u p\u00ebrdorur. Paneli i kontrollit miq\u00ebsor ndaj p\u00ebrdoruesit u lejon operator\u00ebve ta p\u00ebrdorin pajisjen n\u00eb m\u00ebnyr\u00eb t\u00eb rehatshme. Rezervuar\u00ebt e m\u00ebdhenj t\u00eb ujit dhe detergjentit sigurojn\u00eb funksionim t\u00eb pand\u00ebrprer\u00eb p\u00ebr nj\u00eb koh\u00eb t\u00eb gjat\u00eb. P\u00ebrve\u00e7 k\u00ebsaj, makina funksionon n\u00eb heshtje, k\u00ebshtu q\u00eb nuk shqet\u00ebson mjedisin.<\/p>\n<p>T\u00eb gjitha k\u00ebto karakteristika e b\u00ebjn\u00eb Lavatricen Profesionale p\u00ebr Qilima dhe Divane Star Combo 10\/1 nj\u00eb mund\u00ebsi ideale si p\u00ebr p\u00ebrdoruesit n\u00eb sht\u00ebpi ashtu edhe p\u00ebr bizneset komerciale. Ajo ofron nj\u00eb zgjidhje t\u00eb besueshme p\u00ebr pastrim cil\u00ebsor. Fuqia e motorit t\u00eb vakumit \u00ebsht\u00eb 1200 vat.<\/p>","protected":false},"excerpt":{"rendered":"<p>Makina Lavatrice Profesionale p\u00ebr Qilima dhe Divane Star Combo 10\/1 \u00ebsht\u00eb nj\u00eb pajisje pastrimi perfekte q\u00eb ju lejon t\u00eb pastroni<\/p>","protected":false},"featured_media":16698,"template":"","meta":{"_crdt_document":""},"product_brand":[100],"product_cat":[77],"product_tag":[],"class_list":{"0":"post-16322","1":"product","2":"type-product","3":"status-publish","4":"has-post-thumbnail","6":"product_brand-starmakina","7":"product_cat-pastrues-me-sprucim-professional","9":"first","10":"instock","11":"shipping-taxable","12":"purchasable","13":"product-type-simple"},"jetpack_sharing_enabled":true,"_links":{"self":[{"href":"https:\/\/danfosal.com\/en\/wp-json\/wp\/v2\/product\/16322","targetHints":{"allow":["GET"]}}],"collection":[{"href":"https:\/\/danfosal.com\/en\/wp-json\/wp\/v2\/product"}],"about":[{"href":"https:\/\/danfosal.com\/en\/wp-json\/wp\/v2\/types\/product"}],"version-history":[{"count":1,"href":"https:\/\/danfosal.com\/en\/wp-json\/wp\/v2\/product\/16322\/revisions"}],"predecessor-version":[{"id":16323,"href":"https:\/\/danfosal.com\/en\/wp-json\/wp\/v2\/product\/16322\/revisions\/16323"}],"wp:featuredmedia":[{"embeddable":true,"href":"https:\/\/danfosal.com\/en\/wp-json\/wp\/v2\/media\/16698"}],"wp:attachment":[{"href":"https:\/\/danfosal.com\/en\/wp-json\/wp\/v2\/media?parent=16322"}],"wp:term":[{"taxonomy":"product_brand","embeddable":true,"href":"https:\/\/danfosal.com\/en\/wp-json\/wp\/v2\/product_brand?post=16322"},{"taxonomy":"product_cat","embeddable":true,"href":"https:\/\/danfosal.com\/en\/wp-json\/wp\/v2\/product_cat?post=16322"},{"taxonomy":"product_tag","embeddable":true,"href":"https:\/\/danfosal.com\/en\/wp-json\/wp\/v2\/product_tag?post=16322"}],"curies":[{"name":"wp","href":"https:\/\/api.w.org\/{rel}","templated":true}]}}