{"id":16324,"date":"2025-05-10T22:48:24","date_gmt":"2025-05-10T22:48:24","guid":{"rendered":"https:\/\/danfosal.com\/?post_type=product&#038;p=16324"},"modified":"2025-05-14T18:09:24","modified_gmt":"2025-05-14T18:09:24","slug":"star-d8","status":"publish","type":"product","link":"https:\/\/danfosal.com\/en\/product\/star-d8\/","title":{"rendered":"Star D8"},"content":{"rendered":"<p>Makina lar\u00ebse dyshemesh Star D8 Ride On Maxi Riding \u00ebsht\u00eb nj\u00eb zgjidhje profesionale p\u00ebr pastrimin e dyshemeve n\u00eb sip\u00ebrfaqe t\u00eb m\u00ebdha, e preferuar n\u00eb zona t\u00eb tilla si pastrimi i pistave t\u00eb aeroportit, sallonet e aeroportit, pastrimi i dyshemeve n\u00eb sallat e brendshme sportive, pastrimi i dyshemeve n\u00eb qendrat tregtare.<\/p>","protected":false},"excerpt":{"rendered":"<p>Makina lar\u00ebse dyshemesh Star D8 Ride On Maxi Riding \u00ebsht\u00eb nj\u00eb zgjidhje profesionale p\u00ebr pastrimin e dyshemeve n\u00eb sip\u00ebrfaqe t\u00eb<\/p>","protected":false},"featured_media":16702,"template":"","meta":{"_crdt_document":""},"product_brand":[100],"product_cat":[78],"product_tag":[],"class_list":{"0":"post-16324","1":"product","2":"type-product","3":"status-publish","4":"has-post-thumbnail","6":"product_brand-starmakina","7":"product_cat-pastrues-siperfaqesh-professional","9":"first","10":"instock","11":"shipping-taxable","12":"purchasable","13":"product-type-simple"},"jetpack_sharing_enabled":true,"_links":{"self":[{"href":"https:\/\/danfosal.com\/en\/wp-json\/wp\/v2\/product\/16324","targetHints":{"allow":["GET"]}}],"collection":[{"href":"https:\/\/danfosal.com\/en\/wp-json\/wp\/v2\/product"}],"about":[{"href":"https:\/\/danfosal.com\/en\/wp-json\/wp\/v2\/types\/product"}],"version-history":[{"count":1,"href":"https:\/\/danfosal.com\/en\/wp-json\/wp\/v2\/product\/16324\/revisions"}],"predecessor-version":[{"id":16325,"href":"https:\/\/danfosal.com\/en\/wp-json\/wp\/v2\/product\/16324\/revisions\/16325"}],"wp:featuredmedia":[{"embeddable":true,"href":"https:\/\/danfosal.com\/en\/wp-json\/wp\/v2\/media\/16702"}],"wp:attachment":[{"href":"https:\/\/danfosal.com\/en\/wp-json\/wp\/v2\/media?parent=16324"}],"wp:term":[{"taxonomy":"product_brand","embeddable":true,"href":"https:\/\/danfosal.com\/en\/wp-json\/wp\/v2\/product_brand?post=16324"},{"taxonomy":"product_cat","embeddable":true,"href":"https:\/\/danfosal.com\/en\/wp-json\/wp\/v2\/product_cat?post=16324"},{"taxonomy":"product_tag","embeddable":true,"href":"https:\/\/danfosal.com\/en\/wp-json\/wp\/v2\/product_tag?post=16324"}],"curies":[{"name":"wp","href":"https:\/\/api.w.org\/{rel}","templated":true}]}}