{"id":16326,"date":"2025-05-10T22:48:24","date_gmt":"2025-05-10T22:48:24","guid":{"rendered":"https:\/\/danfosal.com\/?post_type=product&#038;p=16326"},"modified":"2025-05-14T18:09:50","modified_gmt":"2025-05-14T18:09:50","slug":"star-sc-4500","status":"publish","type":"product","link":"https:\/\/danfosal.com\/en\/product\/star-sc-4500\/","title":{"rendered":"Star SC 4500"},"content":{"rendered":"<p>Modeli SC4500 i Star Makina \u00ebsht\u00eb projektuar p\u00ebr t\u00eb p\u00ebrmbushur nevojat tuaja industriale me performanc\u00ebn e tij superiore dhe karakteristikat miq\u00ebsore me mjedisin. I fuqish\u00ebm, efikas dhe i q\u00ebndruesh\u00ebm.<\/p>\n<p>Energjia dhe Frekuenca: 24v\/50Hz<br \/>\nGjer\u00ebsia e Fur\u00e7\u00ebs: 450mm<br \/>\nGjer\u00ebsia e Thithjes: 760mm<br \/>\nGjer\u00ebsia e Pun\u00ebs: 450mm<br \/>\nKapaciteti i Pun\u00ebs: 1600m2\/h<br \/>\nMotori i Fur\u00e7\u00ebs: 550w<br \/>\nPresioni i Fur\u00e7\u00ebs: 28Kg<br \/>\nMotori me Vakum: 500w<br \/>\nPresioni i Vakumit: 180mbar<br \/>\nRrezja e Rrotullimit: 500mm<br \/>\nRezervuari i Ujit t\u00eb Past\u00ebr: 40L<br \/>\nRezervuari i Ujit t\u00eb Ndyr\u00eb: 37L<br \/>\nNiveli i Zhurm\u00ebs: 65dB<br \/>\nBateria: 2xDC12V 80Ah<br \/>\nPesha e Makineris\u00eb (pa bateri): 45Kg<br \/>\nPesha e Bateris\u00eb: 45kg<\/p>","protected":false},"excerpt":{"rendered":"<p>Modeli SC4500 i Star Makina \u00ebsht\u00eb projektuar p\u00ebr t\u00eb p\u00ebrmbushur nevojat tuaja industriale me performanc\u00ebn e tij superiore dhe karakteristikat<\/p>","protected":false},"featured_media":16703,"template":"","meta":{"_crdt_document":""},"product_brand":[100],"product_cat":[78],"product_tag":[],"class_list":{"0":"post-16326","1":"product","2":"type-product","3":"status-publish","4":"has-post-thumbnail","6":"product_brand-starmakina","7":"product_cat-pastrues-siperfaqesh-professional","9":"first","10":"instock","11":"shipping-taxable","12":"purchasable","13":"product-type-simple"},"jetpack_sharing_enabled":true,"_links":{"self":[{"href":"https:\/\/danfosal.com\/en\/wp-json\/wp\/v2\/product\/16326","targetHints":{"allow":["GET"]}}],"collection":[{"href":"https:\/\/danfosal.com\/en\/wp-json\/wp\/v2\/product"}],"about":[{"href":"https:\/\/danfosal.com\/en\/wp-json\/wp\/v2\/types\/product"}],"version-history":[{"count":1,"href":"https:\/\/danfosal.com\/en\/wp-json\/wp\/v2\/product\/16326\/revisions"}],"predecessor-version":[{"id":16327,"href":"https:\/\/danfosal.com\/en\/wp-json\/wp\/v2\/product\/16326\/revisions\/16327"}],"wp:featuredmedia":[{"embeddable":true,"href":"https:\/\/danfosal.com\/en\/wp-json\/wp\/v2\/media\/16703"}],"wp:attachment":[{"href":"https:\/\/danfosal.com\/en\/wp-json\/wp\/v2\/media?parent=16326"}],"wp:term":[{"taxonomy":"product_brand","embeddable":true,"href":"https:\/\/danfosal.com\/en\/wp-json\/wp\/v2\/product_brand?post=16326"},{"taxonomy":"product_cat","embeddable":true,"href":"https:\/\/danfosal.com\/en\/wp-json\/wp\/v2\/product_cat?post=16326"},{"taxonomy":"product_tag","embeddable":true,"href":"https:\/\/danfosal.com\/en\/wp-json\/wp\/v2\/product_tag?post=16326"}],"curies":[{"name":"wp","href":"https:\/\/api.w.org\/{rel}","templated":true}]}}