{"id":16328,"date":"2025-05-10T22:48:24","date_gmt":"2025-05-10T22:48:24","guid":{"rendered":"https:\/\/danfosal.com\/?post_type=product&#038;p=16328"},"modified":"2025-05-14T18:10:04","modified_gmt":"2025-05-14T18:10:04","slug":"star-sc-5100","status":"publish","type":"product","link":"https:\/\/danfosal.com\/en\/product\/star-sc-5100\/","title":{"rendered":"Star SC 5100"},"content":{"rendered":"<p>Makina lar\u00ebse dyshemesh Star SC 5100 E \u00ebsht\u00eb nj\u00eb makin\u00eb pastrimi me performanc\u00eb t\u00eb lart\u00eb e projektuar p\u00ebr pastrimin e dyshemeve t\u00eb korridoreve t\u00eb aeroporteve, korridoreve t\u00eb qendrave tregtare dhe zonave me trafik t\u00eb madh dhe t\u00eb dendur. Kjo makin\u00eb e fuqishme \u00ebsht\u00eb zhvilluar posa\u00e7\u00ebrisht p\u00ebr t\u00eb pastruar n\u00eb m\u00ebnyr\u00eb efektive zona t\u00eb m\u00ebdha.<\/p>","protected":false},"excerpt":{"rendered":"<p>Makina lar\u00ebse dyshemesh Star SC 5100 E \u00ebsht\u00eb nj\u00eb makin\u00eb pastrimi me performanc\u00eb t\u00eb lart\u00eb e projektuar p\u00ebr pastrimin e<\/p>","protected":false},"featured_media":16704,"template":"","meta":{"_crdt_document":""},"product_brand":[100],"product_cat":[78],"product_tag":[],"class_list":{"0":"post-16328","1":"product","2":"type-product","3":"status-publish","4":"has-post-thumbnail","6":"product_brand-starmakina","7":"product_cat-pastrues-siperfaqesh-professional","9":"first","10":"instock","11":"shipping-taxable","12":"purchasable","13":"product-type-simple"},"jetpack_sharing_enabled":true,"_links":{"self":[{"href":"https:\/\/danfosal.com\/en\/wp-json\/wp\/v2\/product\/16328","targetHints":{"allow":["GET"]}}],"collection":[{"href":"https:\/\/danfosal.com\/en\/wp-json\/wp\/v2\/product"}],"about":[{"href":"https:\/\/danfosal.com\/en\/wp-json\/wp\/v2\/types\/product"}],"version-history":[{"count":1,"href":"https:\/\/danfosal.com\/en\/wp-json\/wp\/v2\/product\/16328\/revisions"}],"predecessor-version":[{"id":16329,"href":"https:\/\/danfosal.com\/en\/wp-json\/wp\/v2\/product\/16328\/revisions\/16329"}],"wp:featuredmedia":[{"embeddable":true,"href":"https:\/\/danfosal.com\/en\/wp-json\/wp\/v2\/media\/16704"}],"wp:attachment":[{"href":"https:\/\/danfosal.com\/en\/wp-json\/wp\/v2\/media?parent=16328"}],"wp:term":[{"taxonomy":"product_brand","embeddable":true,"href":"https:\/\/danfosal.com\/en\/wp-json\/wp\/v2\/product_brand?post=16328"},{"taxonomy":"product_cat","embeddable":true,"href":"https:\/\/danfosal.com\/en\/wp-json\/wp\/v2\/product_cat?post=16328"},{"taxonomy":"product_tag","embeddable":true,"href":"https:\/\/danfosal.com\/en\/wp-json\/wp\/v2\/product_tag?post=16328"}],"curies":[{"name":"wp","href":"https:\/\/api.w.org\/{rel}","templated":true}]}}