{"id":16330,"date":"2025-05-10T22:48:24","date_gmt":"2025-05-10T22:48:24","guid":{"rendered":"https:\/\/danfosal.com\/?post_type=product&#038;p=16330"},"modified":"2025-05-14T18:10:31","modified_gmt":"2025-05-14T18:10:31","slug":"star-silent-baby","status":"publish","type":"product","link":"https:\/\/danfosal.com\/en\/product\/star-silent-baby\/","title":{"rendered":"Star Silent Baby"},"content":{"rendered":"<p>Fshesa me korrent Star Silent Baby Professional \u00ebsht\u00eb nj\u00eb zgjidhje jasht\u00ebzakonisht e leht\u00eb p\u00ebr t\u2019u p\u00ebrdorur dhe praktike p\u00ebr pastrimin e zyrave, korridoreve dhe zonave t\u00eb ngjashme. \u00cbsht\u00eb ideale p\u00ebr pastrimin e zonave t\u00eb tilla si korridoret e vogla ku njer\u00ebzit hyjn\u00eb me k\u00ebpuc\u00eb. Gjithashtu ofron rezultate t\u00eb suksesshme n\u00eb pastrimin e dyshemeve me qilima ku njer\u00ebzit ecin me k\u00ebpuc\u00eb.<\/p>\n<p>Kjo fshes\u00eb me korrent profesionale ju lejon t\u00eb pastroni pa shkaktuar ndonj\u00eb shqet\u00ebsim me ve\u00e7orin\u00eb e saj t\u00eb funksionimit t\u00eb heshtur. Fal\u00eb fuqis\u00eb s\u00eb saj t\u00eb fort\u00eb thith\u00ebse, ajo pastron shpejt pluhurin, papast\u00ebrtin\u00eb dhe grimcat, k\u00ebshtu q\u00eb zonat tuaja b\u00ebhen m\u00eb t\u00eb bollshme dhe higjienike pas pastrimit.<\/p>\n<p>Fshesa me korrent Star Silent Baby \u00ebsht\u00eb nj\u00eb opsion i p\u00ebrsosur p\u00ebr t\u00eb p\u00ebrmbushur nevojat e pastrimit t\u00eb vendeve tuaja t\u00eb pun\u00ebs dhe p\u00ebr t\u00eb siguruar nj\u00eb mjedis t\u00eb past\u00ebr. P\u00ebrshpejtoni pun\u00ebn tuaj t\u00eb pastrimit me p\u00ebrdorimin e saj t\u00eb leht\u00eb dhe rezultatet efektive.<\/p>","protected":false},"excerpt":{"rendered":"<p>Fshesa me korrent Star Silent Baby Professional \u00ebsht\u00eb nj\u00eb zgjidhje jasht\u00ebzakonisht e leht\u00eb p\u00ebr t\u2019u p\u00ebrdorur dhe praktike p\u00ebr pastrimin<\/p>","protected":false},"featured_media":16705,"template":"","meta":{"_crdt_document":""},"product_brand":[100],"product_cat":[84],"product_tag":[],"class_list":{"0":"post-16330","1":"product","2":"type-product","3":"status-publish","4":"has-post-thumbnail","6":"product_brand-starmakina","7":"product_cat-fshese-elektrike-professional","9":"first","10":"instock","11":"shipping-taxable","12":"purchasable","13":"product-type-simple"},"jetpack_sharing_enabled":true,"_links":{"self":[{"href":"https:\/\/danfosal.com\/en\/wp-json\/wp\/v2\/product\/16330","targetHints":{"allow":["GET"]}}],"collection":[{"href":"https:\/\/danfosal.com\/en\/wp-json\/wp\/v2\/product"}],"about":[{"href":"https:\/\/danfosal.com\/en\/wp-json\/wp\/v2\/types\/product"}],"version-history":[{"count":1,"href":"https:\/\/danfosal.com\/en\/wp-json\/wp\/v2\/product\/16330\/revisions"}],"predecessor-version":[{"id":16331,"href":"https:\/\/danfosal.com\/en\/wp-json\/wp\/v2\/product\/16330\/revisions\/16331"}],"wp:featuredmedia":[{"embeddable":true,"href":"https:\/\/danfosal.com\/en\/wp-json\/wp\/v2\/media\/16705"}],"wp:attachment":[{"href":"https:\/\/danfosal.com\/en\/wp-json\/wp\/v2\/media?parent=16330"}],"wp:term":[{"taxonomy":"product_brand","embeddable":true,"href":"https:\/\/danfosal.com\/en\/wp-json\/wp\/v2\/product_brand?post=16330"},{"taxonomy":"product_cat","embeddable":true,"href":"https:\/\/danfosal.com\/en\/wp-json\/wp\/v2\/product_cat?post=16330"},{"taxonomy":"product_tag","embeddable":true,"href":"https:\/\/danfosal.com\/en\/wp-json\/wp\/v2\/product_tag?post=16330"}],"curies":[{"name":"wp","href":"https:\/\/api.w.org\/{rel}","templated":true}]}}