{"id":16336,"date":"2025-05-10T22:48:25","date_gmt":"2025-05-10T22:48:25","guid":{"rendered":"https:\/\/danfosal.com\/?post_type=product&#038;p=16336"},"modified":"2025-05-28T21:13:49","modified_gmt":"2025-05-28T21:13:49","slug":"star-sweeper","status":"publish","type":"product","link":"https:\/\/danfosal.com\/en\/product\/star-sweeper\/","title":{"rendered":"Star Sweeper"},"content":{"rendered":"<p>Makina p\u00ebr pastrimin e rrug\u00ebve Star Street Sweeper p\u00ebrdoret p\u00ebr pastrimin e zonave t\u00eb m\u00ebdha parkimi, rrug\u00ebve dhe bulevardeve. Makina p\u00ebr pastrimin e rrug\u00ebve Star Street Sweeper \u00ebsht\u00eb e dobishme me ve\u00e7orin\u00eb e saj t\u00eb fur\u00e7\u00ebs s\u00eb dyfisht\u00eb me diamet\u00ebr t\u00eb madh n\u00eb pastrimin e zonave t\u00eb m\u00ebdha dhe t\u00eb ngarkuara.<\/p>","protected":false},"excerpt":{"rendered":"<p>Makina p\u00ebr pastrimin e rrug\u00ebve Star Street Sweeper p\u00ebrdoret p\u00ebr pastrimin e zonave t\u00eb m\u00ebdha parkimi, rrug\u00ebve dhe bulevardeve. Makina<\/p>","protected":false},"featured_media":16708,"template":"","meta":{"_crdt_document":""},"product_brand":[100],"product_cat":[85],"product_tag":[],"class_list":{"0":"post-16336","1":"product","2":"type-product","3":"status-publish","4":"has-post-thumbnail","6":"product_brand-starmakina","7":"product_cat-fshese-siperfaqesh-professional","9":"first","10":"instock","11":"shipping-taxable","12":"purchasable","13":"product-type-simple"},"jetpack_sharing_enabled":true,"_links":{"self":[{"href":"https:\/\/danfosal.com\/en\/wp-json\/wp\/v2\/product\/16336","targetHints":{"allow":["GET"]}}],"collection":[{"href":"https:\/\/danfosal.com\/en\/wp-json\/wp\/v2\/product"}],"about":[{"href":"https:\/\/danfosal.com\/en\/wp-json\/wp\/v2\/types\/product"}],"version-history":[{"count":1,"href":"https:\/\/danfosal.com\/en\/wp-json\/wp\/v2\/product\/16336\/revisions"}],"predecessor-version":[{"id":16337,"href":"https:\/\/danfosal.com\/en\/wp-json\/wp\/v2\/product\/16336\/revisions\/16337"}],"wp:featuredmedia":[{"embeddable":true,"href":"https:\/\/danfosal.com\/en\/wp-json\/wp\/v2\/media\/16708"}],"wp:attachment":[{"href":"https:\/\/danfosal.com\/en\/wp-json\/wp\/v2\/media?parent=16336"}],"wp:term":[{"taxonomy":"product_brand","embeddable":true,"href":"https:\/\/danfosal.com\/en\/wp-json\/wp\/v2\/product_brand?post=16336"},{"taxonomy":"product_cat","embeddable":true,"href":"https:\/\/danfosal.com\/en\/wp-json\/wp\/v2\/product_cat?post=16336"},{"taxonomy":"product_tag","embeddable":true,"href":"https:\/\/danfosal.com\/en\/wp-json\/wp\/v2\/product_tag?post=16336"}],"curies":[{"name":"wp","href":"https:\/\/api.w.org\/{rel}","templated":true}]}}