{"id":17095,"date":"2025-05-29T22:29:20","date_gmt":"2025-05-29T22:29:20","guid":{"rendered":"https:\/\/danfosal.com\/?post_type=product&#038;p=17095"},"modified":"2025-05-29T22:29:21","modified_gmt":"2025-05-29T22:29:21","slug":"karcher-sgv-8-5","status":"publish","type":"product","link":"https:\/\/danfosal.com\/en\/product\/karcher-sgv-8-5\/","title":{"rendered":"K\u00e4rcher SGV 8\/5"},"content":{"rendered":"<p>Fshes\u00eb me korrent me avull SGV 8\/5 e leht\u00eb p\u00ebr t&#8217;u p\u00ebrdorur, jep rezultate mbres\u00ebl\u00ebn\u00ebse pastrimi fal\u00eb presionit t\u00eb lart\u00eb t\u00eb avullit (8 bar), nj\u00eb temperatur\u00eb uji t\u00eb nxeht\u00eb prej p\u00ebraf\u00ebrsisht. 70 \u00b0C dhe kontrolli i rrjedh\u00ebs s\u00eb avullit me tre faza. Pastrimi \u00ebsht\u00eb miq\u00ebsor me mjedisin dhe plot\u00ebsisht pa kimikate. Funksioni i dobish\u00ebm vet\u00ebpastrues i SGV 8\/5 garanton past\u00ebrti higjienike t\u00eb q\u00ebndrueshme. Nj\u00eb p\u00ebrfitim tjet\u00ebr i spikatur i makin\u00ebs \u00ebsht\u00eb sa i leht\u00eb dhe i p\u00ebrshtatsh\u00ebm \u00ebsht\u00eb p\u00ebrdorimi i tij, p\u00ebr shembull n\u00ebp\u00ebrmjet ekranit q\u00eb tregon statusin e funksionimit dhe \u00e7do mesazh sh\u00ebrbimi\/gabi. Shtat\u00eb m\u00ebnyrat e ndryshme t\u00eb funksionimit me avull\/vakum mund t\u00eb zgjidhen shpejt dhe me leht\u00ebsi duke p\u00ebrdorur \u00e7el\u00ebsin rrotullues EASY Operation, nd\u00ebrkoh\u00eb q\u00eb pistoleta ergonomike e avullit\/thithjes lejon q\u00eb rrjedha e avullit, m\u00ebnyra e shp\u00eblarjes dhe funksioni i vakumit t\u00eb kontrollohen drejtp\u00ebrdrejt dhe fleksib\u00ebl gjat\u00eb funksionimit. Modaliteti i eko-efikasitetit me efikasitet energjie dhe me reduktim t\u00eb zhurm\u00ebs e b\u00ebn at\u00eb gjithashtu t\u00eb p\u00ebrshtatsh\u00ebm p\u00ebr pun\u00eb n\u00eb zona t\u00eb ndjeshme ndaj zhurm\u00ebs. Gama e plot\u00eb e aksesor\u00ebve ruhet n\u00eb vet\u00eb makin\u00ebn dhe mbrohet nga papast\u00ebrtit\u00eb, q\u00eb do t\u00eb thot\u00eb se ato jan\u00eb gjithmon\u00eb n\u00eb dor\u00eb pa pasur nevoj\u00eb t&#8217;i k\u00ebrkoni.<\/p>","protected":false},"excerpt":{"rendered":"<p>Fshes\u00eb me korrent me avull SGV 8\/5 e leht\u00eb p\u00ebr t&#8217;u p\u00ebrdorur, jep rezultate mbres\u00ebl\u00ebn\u00ebse pastrimi fal\u00eb presionit t\u00eb lart\u00eb<\/p>","protected":false},"featured_media":17096,"template":"","meta":{"_crdt_document":""},"product_brand":[99],"product_cat":[79],"product_tag":[],"class_list":{"0":"post-17095","1":"product","2":"type-product","3":"status-publish","4":"has-post-thumbnail","6":"product_brand-karcher","7":"product_cat-pastrues-me-avull-professional","9":"first","10":"instock","11":"shipping-taxable","12":"purchasable","13":"product-type-simple"},"jetpack_sharing_enabled":true,"_links":{"self":[{"href":"https:\/\/danfosal.com\/en\/wp-json\/wp\/v2\/product\/17095","targetHints":{"allow":["GET"]}}],"collection":[{"href":"https:\/\/danfosal.com\/en\/wp-json\/wp\/v2\/product"}],"about":[{"href":"https:\/\/danfosal.com\/en\/wp-json\/wp\/v2\/types\/product"}],"version-history":[{"count":2,"href":"https:\/\/danfosal.com\/en\/wp-json\/wp\/v2\/product\/17095\/revisions"}],"predecessor-version":[{"id":17142,"href":"https:\/\/danfosal.com\/en\/wp-json\/wp\/v2\/product\/17095\/revisions\/17142"}],"wp:featuredmedia":[{"embeddable":true,"href":"https:\/\/danfosal.com\/en\/wp-json\/wp\/v2\/media\/17096"}],"wp:attachment":[{"href":"https:\/\/danfosal.com\/en\/wp-json\/wp\/v2\/media?parent=17095"}],"wp:term":[{"taxonomy":"product_brand","embeddable":true,"href":"https:\/\/danfosal.com\/en\/wp-json\/wp\/v2\/product_brand?post=17095"},{"taxonomy":"product_cat","embeddable":true,"href":"https:\/\/danfosal.com\/en\/wp-json\/wp\/v2\/product_cat?post=17095"},{"taxonomy":"product_tag","embeddable":true,"href":"https:\/\/danfosal.com\/en\/wp-json\/wp\/v2\/product_tag?post=17095"}],"curies":[{"name":"wp","href":"https:\/\/api.w.org\/{rel}","templated":true}]}}